{"id":5,"date":"2023-04-22T11:10:06","date_gmt":"2023-04-22T11:10:06","guid":{"rendered":"https:\/\/www.sparschwein.kaufen\/?page_id=5"},"modified":"2023-04-25T12:08:40","modified_gmt":"2023-04-25T12:08:40","slug":"sparschwein-gesucht","status":"publish","type":"page","link":"https:\/\/www.sparschwein.kaufen\/","title":{"rendered":"Sparschwein gesucht?"},"content":{"rendered":"\n<p>Sparschweine aus Pappe sind nicht nur eine umweltfreundliche Alternative zu herk\u00f6mmlichen Sparschweinen, sondern auch eine kreative M\u00f6glichkeit, um Geld zu sparen. Bei sparschwein.kaufen findest du handgefertigte Sparschweine aus Pappe in verschiedenen Designs und Farben. Jedes unserer Sparschweine ist ein Unikat und wird mit viel Liebe zum Detail hergestellt. Mach dir selbst oder einem Freund eine Freude und bestelle noch heute dein individuelles Sparschwein aus Pappe!<\/p>\n\n\n\n<p>Auf sparschwein.kaufen bieten wir handgefertigte Sparschweine aus Pappe in verschiedenen Designs und Farben an. Unsere Sparschweine sind nicht nur umweltfreundlich, sondern auch einzigartig und individuell. Jedes unserer Sparschweine wird sorgf\u00e4ltig von Hand gefertigt und ist ein Unikat. Besuche jetzt unsere Webseite und finde dein perfektes Sparschwein aus Pappe!<\/p>\n","protected":false},"excerpt":{"rendered":"<p>Sparschweine aus Pappe sind nicht nur eine umweltfreundliche Alternative zu herk\u00f6mmlichen Sparschweinen, sondern auch eine kreative M\u00f6glichkeit, um Geld zu sparen. Bei sparschwein.kaufen findest du handgefertigte Sparschweine aus Pappe in verschiedenen Designs und Farben. Jedes unserer Sparschweine ist ein Unikat und wird mit viel Liebe zum Detail hergestellt. Mach dir selbst oder einem Freund eine [&hellip;]<\/p>\n","protected":false},"author":1,"featured_media":83,"parent":0,"menu_order":1,"comment_status":"closed","ping_status":"closed","template":"","meta":{"_themeisle_gutenberg_block_has_review":false,"footnotes":""},"class_list":["post-5","page","type-page","status-publish","has-post-thumbnail","hentry"],"yoast_head":"<!-- This site is optimized with the Yoast SEO plugin v27.3 - https:\/\/yoast.com\/product\/yoast-seo-wordpress\/ -->\n<title>Entdecke unsere kreativen Sparschweine aus Pappe!<\/title>\n<meta name=\"description\" content=\"Mit unseren umweltfreundlichen Sparschweinen aus Pappe wird das Sparen zum Vergn\u00fcgen. Ob als DIY-Projekt oder als fertiges Produkt, unsere Sparschweine haben Pers\u00f6nlichkeit und Charme. Finde deinen perfekten Begleiter beim Sparen und tue gleichzeitig etwas Gutes f\u00fcr die Umwelt!\" \/>\n<meta name=\"robots\" content=\"index, follow, max-snippet:-1, max-image-preview:large, max-video-preview:-1\" \/>\n<link rel=\"canonical\" href=\"https:\/\/www.sparschwein.kaufen\/\" \/>\n<meta property=\"og:locale\" content=\"de_DE\" \/>\n<meta property=\"og:type\" content=\"article\" \/>\n<meta property=\"og:title\" content=\"Entdecke unsere kreativen Sparschweine aus Pappe!\" \/>\n<meta property=\"og:description\" content=\"Mit unseren umweltfreundlichen Sparschweinen aus Pappe wird das Sparen zum Vergn\u00fcgen. Ob als DIY-Projekt oder als fertiges Produkt, unsere Sparschweine haben Pers\u00f6nlichkeit und Charme. Finde deinen perfekten Begleiter beim Sparen und tue gleichzeitig etwas Gutes f\u00fcr die Umwelt!\" \/>\n<meta property=\"og:url\" content=\"https:\/\/www.sparschwein.kaufen\/\" \/>\n<meta property=\"og:site_name\" content=\"Sparschwein aus Pappe kaufen\" \/>\n<meta property=\"article:modified_time\" content=\"2023-04-25T12:08:40+00:00\" \/>\n<meta property=\"og:image\" content=\"https:\/\/www.sparschwein.kaufen\/wp-content\/uploads\/2023\/04\/share01.jpg\" \/>\n\t<meta property=\"og:image:width\" content=\"1200\" \/>\n\t<meta property=\"og:image:height\" content=\"630\" \/>\n\t<meta property=\"og:image:type\" content=\"image\/jpeg\" \/>\n<meta name=\"twitter:card\" content=\"summary_large_image\" \/>\n<meta name=\"twitter:title\" content=\"Kreatives Sparen mit unseren umweltfreundlichen Sparschweinen aus Pappe!\" \/>\n<meta name=\"twitter:description\" content=\"Entdecke unsere einzigartigen Sparschweine aus Pappe und finde eine umweltfreundliche Alternative zum herk\u00f6mmlichen Sparen. Ob als DIY-Projekt oder als fertiges Produkt, unsere Sparschweine haben Pers\u00f6nlichkeit und Charme. Finde deinen perfekten Begleiter beim Sparen und tue gleichzeitig etwas Gutes f\u00fcr die Umwelt! #Sparschwein #DIY #Nachhaltigkeit\" \/>\n<meta name=\"twitter:image\" content=\"https:\/\/www.sparschwein.kaufen\/wp-content\/uploads\/2023\/04\/share01.jpg\" \/>\n<meta name=\"twitter:label1\" content=\"Gesch\u00e4tzte Lesezeit\" \/>\n\t<meta name=\"twitter:data1\" content=\"1\u00a0Minute\" \/>\n<script type=\"application\/ld+json\" class=\"yoast-schema-graph\">{\"@context\":\"https:\\\/\\\/schema.org\",\"@graph\":[{\"@type\":\"WebPage\",\"@id\":\"https:\\\/\\\/www.sparschwein.kaufen\\\/\",\"url\":\"https:\\\/\\\/www.sparschwein.kaufen\\\/\",\"name\":\"Entdecke unsere kreativen Sparschweine aus Pappe!\",\"isPartOf\":{\"@id\":\"https:\\\/\\\/www.sparschwein.kaufen\\\/#website\"},\"primaryImageOfPage\":{\"@id\":\"https:\\\/\\\/www.sparschwein.kaufen\\\/#primaryimage\"},\"image\":{\"@id\":\"https:\\\/\\\/www.sparschwein.kaufen\\\/#primaryimage\"},\"thumbnailUrl\":\"https:\\\/\\\/www.sparschwein.kaufen\\\/wp-content\\\/uploads\\\/2023\\\/04\\\/share02.jpg\",\"datePublished\":\"2023-04-22T11:10:06+00:00\",\"dateModified\":\"2023-04-25T12:08:40+00:00\",\"description\":\"Mit unseren umweltfreundlichen Sparschweinen aus Pappe wird das Sparen zum Vergn\u00fcgen. Ob als DIY-Projekt oder als fertiges Produkt, unsere Sparschweine haben Pers\u00f6nlichkeit und Charme. Finde deinen perfekten Begleiter beim Sparen und tue gleichzeitig etwas Gutes f\u00fcr die Umwelt!\",\"breadcrumb\":{\"@id\":\"https:\\\/\\\/www.sparschwein.kaufen\\\/#breadcrumb\"},\"inLanguage\":\"de\",\"potentialAction\":[{\"@type\":\"ReadAction\",\"target\":[\"https:\\\/\\\/www.sparschwein.kaufen\\\/\"]}]},{\"@type\":\"ImageObject\",\"inLanguage\":\"de\",\"@id\":\"https:\\\/\\\/www.sparschwein.kaufen\\\/#primaryimage\",\"url\":\"https:\\\/\\\/www.sparschwein.kaufen\\\/wp-content\\\/uploads\\\/2023\\\/04\\\/share02.jpg\",\"contentUrl\":\"https:\\\/\\\/www.sparschwein.kaufen\\\/wp-content\\\/uploads\\\/2023\\\/04\\\/share02.jpg\",\"width\":1200,\"height\":630},{\"@type\":\"BreadcrumbList\",\"@id\":\"https:\\\/\\\/www.sparschwein.kaufen\\\/#breadcrumb\",\"itemListElement\":[{\"@type\":\"ListItem\",\"position\":1,\"name\":\"Startseite\",\"item\":\"https:\\\/\\\/www.sparschwein.kaufen\\\/\"},{\"@type\":\"ListItem\",\"position\":2,\"name\":\"Sparschwein gesucht?\"}]},{\"@type\":\"WebSite\",\"@id\":\"https:\\\/\\\/www.sparschwein.kaufen\\\/#website\",\"url\":\"https:\\\/\\\/www.sparschwein.kaufen\\\/\",\"name\":\"Sparschwein aus Pappe kaufen\",\"description\":\"Handgefertigte Unikate auf sparschwein.kaufen\",\"potentialAction\":[{\"@type\":\"SearchAction\",\"target\":{\"@type\":\"EntryPoint\",\"urlTemplate\":\"https:\\\/\\\/www.sparschwein.kaufen\\\/?s={search_term_string}\"},\"query-input\":{\"@type\":\"PropertyValueSpecification\",\"valueRequired\":true,\"valueName\":\"search_term_string\"}}],\"inLanguage\":\"de\"}]}<\/script>\n<!-- \/ Yoast SEO plugin. -->","yoast_head_json":{"title":"Entdecke unsere kreativen Sparschweine aus Pappe!","description":"Mit unseren umweltfreundlichen Sparschweinen aus Pappe wird das Sparen zum Vergn\u00fcgen. Ob als DIY-Projekt oder als fertiges Produkt, unsere Sparschweine haben Pers\u00f6nlichkeit und Charme. Finde deinen perfekten Begleiter beim Sparen und tue gleichzeitig etwas Gutes f\u00fcr die Umwelt!","robots":{"index":"index","follow":"follow","max-snippet":"max-snippet:-1","max-image-preview":"max-image-preview:large","max-video-preview":"max-video-preview:-1"},"canonical":"https:\/\/www.sparschwein.kaufen\/","og_locale":"de_DE","og_type":"article","og_title":"Entdecke unsere kreativen Sparschweine aus Pappe!","og_description":"Mit unseren umweltfreundlichen Sparschweinen aus Pappe wird das Sparen zum Vergn\u00fcgen. Ob als DIY-Projekt oder als fertiges Produkt, unsere Sparschweine haben Pers\u00f6nlichkeit und Charme. Finde deinen perfekten Begleiter beim Sparen und tue gleichzeitig etwas Gutes f\u00fcr die Umwelt!","og_url":"https:\/\/www.sparschwein.kaufen\/","og_site_name":"Sparschwein aus Pappe kaufen","article_modified_time":"2023-04-25T12:08:40+00:00","og_image":[{"width":1200,"height":630,"url":"https:\/\/www.sparschwein.kaufen\/wp-content\/uploads\/2023\/04\/share01.jpg","type":"image\/jpeg"}],"twitter_card":"summary_large_image","twitter_title":"Kreatives Sparen mit unseren umweltfreundlichen Sparschweinen aus Pappe!","twitter_description":"Entdecke unsere einzigartigen Sparschweine aus Pappe und finde eine umweltfreundliche Alternative zum herk\u00f6mmlichen Sparen. Ob als DIY-Projekt oder als fertiges Produkt, unsere Sparschweine haben Pers\u00f6nlichkeit und Charme. Finde deinen perfekten Begleiter beim Sparen und tue gleichzeitig etwas Gutes f\u00fcr die Umwelt! #Sparschwein #DIY #Nachhaltigkeit","twitter_image":"https:\/\/www.sparschwein.kaufen\/wp-content\/uploads\/2023\/04\/share01.jpg","twitter_misc":{"Gesch\u00e4tzte Lesezeit":"1\u00a0Minute"},"schema":{"@context":"https:\/\/schema.org","@graph":[{"@type":"WebPage","@id":"https:\/\/www.sparschwein.kaufen\/","url":"https:\/\/www.sparschwein.kaufen\/","name":"Entdecke unsere kreativen Sparschweine aus Pappe!","isPartOf":{"@id":"https:\/\/www.sparschwein.kaufen\/#website"},"primaryImageOfPage":{"@id":"https:\/\/www.sparschwein.kaufen\/#primaryimage"},"image":{"@id":"https:\/\/www.sparschwein.kaufen\/#primaryimage"},"thumbnailUrl":"https:\/\/www.sparschwein.kaufen\/wp-content\/uploads\/2023\/04\/share02.jpg","datePublished":"2023-04-22T11:10:06+00:00","dateModified":"2023-04-25T12:08:40+00:00","description":"Mit unseren umweltfreundlichen Sparschweinen aus Pappe wird das Sparen zum Vergn\u00fcgen. Ob als DIY-Projekt oder als fertiges Produkt, unsere Sparschweine haben Pers\u00f6nlichkeit und Charme. Finde deinen perfekten Begleiter beim Sparen und tue gleichzeitig etwas Gutes f\u00fcr die Umwelt!","breadcrumb":{"@id":"https:\/\/www.sparschwein.kaufen\/#breadcrumb"},"inLanguage":"de","potentialAction":[{"@type":"ReadAction","target":["https:\/\/www.sparschwein.kaufen\/"]}]},{"@type":"ImageObject","inLanguage":"de","@id":"https:\/\/www.sparschwein.kaufen\/#primaryimage","url":"https:\/\/www.sparschwein.kaufen\/wp-content\/uploads\/2023\/04\/share02.jpg","contentUrl":"https:\/\/www.sparschwein.kaufen\/wp-content\/uploads\/2023\/04\/share02.jpg","width":1200,"height":630},{"@type":"BreadcrumbList","@id":"https:\/\/www.sparschwein.kaufen\/#breadcrumb","itemListElement":[{"@type":"ListItem","position":1,"name":"Startseite","item":"https:\/\/www.sparschwein.kaufen\/"},{"@type":"ListItem","position":2,"name":"Sparschwein gesucht?"}]},{"@type":"WebSite","@id":"https:\/\/www.sparschwein.kaufen\/#website","url":"https:\/\/www.sparschwein.kaufen\/","name":"Sparschwein aus Pappe kaufen","description":"Handgefertigte Unikate auf sparschwein.kaufen","potentialAction":[{"@type":"SearchAction","target":{"@type":"EntryPoint","urlTemplate":"https:\/\/www.sparschwein.kaufen\/?s={search_term_string}"},"query-input":{"@type":"PropertyValueSpecification","valueRequired":true,"valueName":"search_term_string"}}],"inLanguage":"de"}]}},"_links":{"self":[{"href":"https:\/\/www.sparschwein.kaufen\/index.php\/wp-json\/wp\/v2\/pages\/5","targetHints":{"allow":["GET"]}}],"collection":[{"href":"https:\/\/www.sparschwein.kaufen\/index.php\/wp-json\/wp\/v2\/pages"}],"about":[{"href":"https:\/\/www.sparschwein.kaufen\/index.php\/wp-json\/wp\/v2\/types\/page"}],"author":[{"embeddable":true,"href":"https:\/\/www.sparschwein.kaufen\/index.php\/wp-json\/wp\/v2\/users\/1"}],"replies":[{"embeddable":true,"href":"https:\/\/www.sparschwein.kaufen\/index.php\/wp-json\/wp\/v2\/comments?post=5"}],"version-history":[{"count":1,"href":"https:\/\/www.sparschwein.kaufen\/index.php\/wp-json\/wp\/v2\/pages\/5\/revisions"}],"predecessor-version":[{"id":7,"href":"https:\/\/www.sparschwein.kaufen\/index.php\/wp-json\/wp\/v2\/pages\/5\/revisions\/7"}],"wp:featuredmedia":[{"embeddable":true,"href":"https:\/\/www.sparschwein.kaufen\/index.php\/wp-json\/wp\/v2\/media\/83"}],"wp:attachment":[{"href":"https:\/\/www.sparschwein.kaufen\/index.php\/wp-json\/wp\/v2\/media?parent=5"}],"curies":[{"name":"wp","href":"https:\/\/api.w.org\/{rel}","templated":true}]}}